{"id":138390,"date":"2022-10-25T20:35:32","date_gmt":"2022-10-25T20:35:32","guid":{"rendered":"https:\/\/www.similarweb.com\/corp\/?page_id=138390"},"modified":"2024-12-24T09:34:37","modified_gmt":"2024-12-24T09:34:37","slug":"blog-10","status":"publish","type":"page","link":"https:\/\/www.similarweb.com\/blog\/pt\/","title":{"rendered":"Blog"},"content":{"rendered":"","protected":false},"excerpt":{"rendered":"","protected":false},"author":214,"featured_media":0,"parent":0,"menu_order":0,"comment_status":"closed","ping_status":"closed","template":"blog.php","meta":{"_acf_changed":false,"inline_featured_image":false,"footnotes":""},"class_list":["post-138390","page","type-page","status-publish","hentry"],"acf":[],"yoast_head":"<!-- This site is optimized with the Yoast SEO plugin v26.1 - https:\/\/yoast.com\/wordpress\/plugins\/seo\/ -->\n<title>Blog da Similarweb - Dados e Insights | Similarweb<\/title>\n<meta name=\"description\" content=\"Mantenha-se \u00e0 frente das \u00faltimas tend\u00eancias digitais que moldam o futuro do marketing, pesquisa, vendas e investimentos com o Blog da Similarweb. Entre agora!\" \/>\n<meta name=\"robots\" content=\"max-snippet:-1, max-image-preview:large, max-video-preview:-1\" \/>\n<link rel=\"canonical\" href=\"https:\/\/www.similarweb.com\/blog\/pt\/\" \/>\n<script type=\"application\/ld+json\" class=\"yoast-schema-graph\">{\"@context\":\"https:\/\/schema.org\",\"@graph\":[{\"@type\":\"WebPage\",\"@id\":\"https:\/\/www.similarweb.com\/blog\/pt\/\",\"url\":\"https:\/\/www.similarweb.com\/blog\/pt\/\",\"name\":\"Blog da Similarweb - Dados e Insights | Similarweb\",\"isPartOf\":{\"@id\":\"https:\/\/www.similarweb.com\/blog\/#website\"},\"datePublished\":\"2022-10-25T20:35:32+00:00\",\"dateModified\":\"2024-12-24T09:34:37+00:00\",\"description\":\"Mantenha-se \u00e0 frente das \u00faltimas tend\u00eancias digitais que moldam o futuro do marketing, pesquisa, vendas e investimentos com o Blog da Similarweb. Entre agora!\",\"breadcrumb\":{\"@id\":\"https:\/\/www.similarweb.com\/blog\/pt\/#breadcrumb\"},\"inLanguage\":\"\",\"potentialAction\":[{\"@type\":\"ReadAction\",\"target\":[\"https:\/\/www.similarweb.com\/blog\/pt\/\"]}]},{\"@type\":\"BreadcrumbList\",\"@id\":\"https:\/\/www.similarweb.com\/blog\/pt\/#breadcrumb\",\"itemListElement\":[{\"@type\":\"ListItem\",\"position\":1,\"name\":\"Home\",\"item\":\"https:\/\/www.similarweb.com\/\"},{\"@type\":\"ListItem\",\"position\":2,\"name\":\"Blog\"}]},{\"@type\":\"WebSite\",\"@id\":\"https:\/\/www.similarweb.com\/blog\/#website\",\"url\":\"https:\/\/www.similarweb.com\/blog\/\",\"name\":\"Similarweb\",\"description\":\"\",\"publisher\":{\"@id\":\"https:\/\/www.similarweb.com\/blog\/#organization\"},\"potentialAction\":[{\"@type\":\"SearchAction\",\"target\":{\"@type\":\"EntryPoint\",\"urlTemplate\":\"https:\/\/www.similarweb.com\/blog\/?s={search_term_string}\"},\"query-input\":{\"@type\":\"PropertyValueSpecification\",\"valueRequired\":true,\"valueName\":\"search_term_string\"}}],\"inLanguage\":\"\"},{\"@type\":\"Organization\",\"@id\":\"https:\/\/www.similarweb.com\/blog\/#organization\",\"name\":\"Similarweb\",\"url\":\"https:\/\/www.similarweb.com\/blog\/\",\"logo\":{\"@type\":\"ImageObject\",\"inLanguage\":\"\",\"@id\":\"https:\/\/www.similarweb.com\/blog\/#\/schema\/logo\/image\/\",\"url\":\"https:\/\/www.similarweb.com\/blog\/wp-content\/uploads\/2021\/03\/1587374135933.png\",\"contentUrl\":\"https:\/\/www.similarweb.com\/blog\/wp-content\/uploads\/2021\/03\/1587374135933.png\",\"width\":200,\"height\":200,\"caption\":\"Similarweb\"},\"image\":{\"@id\":\"https:\/\/www.similarweb.com\/blog\/#\/schema\/logo\/image\/\"},\"sameAs\":[\"https:\/\/www.facebook.com\/Similarweb\",\"https:\/\/x.com\/Similarweb\",\"https:\/\/www.youtube.com\/channel\/UCVCI01HR6iB4AA4ChW08cvQ\",\"https:\/\/www.instagram.com\/similarwebinsights\/\",\"https:\/\/www.linkedin.com\/company\/similarweb\",\"https:\/\/en.wikipedia.org\/wiki\/Similarweb\"]}]}<\/script>\n<!-- \/ Yoast SEO plugin. -->","yoast_head_json":{"title":"Blog da Similarweb - Dados e Insights | Similarweb","description":"Mantenha-se \u00e0 frente das \u00faltimas tend\u00eancias digitais que moldam o futuro do marketing, pesquisa, vendas e investimentos com o Blog da Similarweb. Entre agora!","robots":{"max-snippet":"max-snippet:-1","max-image-preview":"max-image-preview:large","max-video-preview":"max-video-preview:-1"},"canonical":"https:\/\/www.similarweb.com\/blog\/pt\/","schema":{"@context":"https:\/\/schema.org","@graph":[{"@type":"WebPage","@id":"https:\/\/www.similarweb.com\/blog\/pt\/","url":"https:\/\/www.similarweb.com\/blog\/pt\/","name":"Blog da Similarweb - Dados e Insights | Similarweb","isPartOf":{"@id":"https:\/\/www.similarweb.com\/blog\/#website"},"datePublished":"2022-10-25T20:35:32+00:00","dateModified":"2024-12-24T09:34:37+00:00","description":"Mantenha-se \u00e0 frente das \u00faltimas tend\u00eancias digitais que moldam o futuro do marketing, pesquisa, vendas e investimentos com o Blog da Similarweb. Entre agora!","breadcrumb":{"@id":"https:\/\/www.similarweb.com\/blog\/pt\/#breadcrumb"},"inLanguage":"","potentialAction":[{"@type":"ReadAction","target":["https:\/\/www.similarweb.com\/blog\/pt\/"]}]},{"@type":"BreadcrumbList","@id":"https:\/\/www.similarweb.com\/blog\/pt\/#breadcrumb","itemListElement":[{"@type":"ListItem","position":1,"name":"Home","item":"https:\/\/www.similarweb.com\/"},{"@type":"ListItem","position":2,"name":"Blog"}]},{"@type":"WebSite","@id":"https:\/\/www.similarweb.com\/blog\/#website","url":"https:\/\/www.similarweb.com\/blog\/","name":"Similarweb","description":"","publisher":{"@id":"https:\/\/www.similarweb.com\/blog\/#organization"},"potentialAction":[{"@type":"SearchAction","target":{"@type":"EntryPoint","urlTemplate":"https:\/\/www.similarweb.com\/blog\/?s={search_term_string}"},"query-input":{"@type":"PropertyValueSpecification","valueRequired":true,"valueName":"search_term_string"}}],"inLanguage":""},{"@type":"Organization","@id":"https:\/\/www.similarweb.com\/blog\/#organization","name":"Similarweb","url":"https:\/\/www.similarweb.com\/blog\/","logo":{"@type":"ImageObject","inLanguage":"","@id":"https:\/\/www.similarweb.com\/blog\/#\/schema\/logo\/image\/","url":"https:\/\/www.similarweb.com\/blog\/wp-content\/uploads\/2021\/03\/1587374135933.png","contentUrl":"https:\/\/www.similarweb.com\/blog\/wp-content\/uploads\/2021\/03\/1587374135933.png","width":200,"height":200,"caption":"Similarweb"},"image":{"@id":"https:\/\/www.similarweb.com\/blog\/#\/schema\/logo\/image\/"},"sameAs":["https:\/\/www.facebook.com\/Similarweb","https:\/\/x.com\/Similarweb","https:\/\/www.youtube.com\/channel\/UCVCI01HR6iB4AA4ChW08cvQ","https:\/\/www.instagram.com\/similarwebinsights\/","https:\/\/www.linkedin.com\/company\/similarweb","https:\/\/en.wikipedia.org\/wiki\/Similarweb"]}]}},"lang":"pt","translations":{"pt":138390,"en":30319,"ja":68587,"fr":68589,"zh":108561,"ru":81182,"it":113143,"zh-tw":92153,"es":128311,"tr":138413,"de":208357},"pll_sync_post":[],"_links":{"self":[{"href":"https:\/\/www.similarweb.com\/blog\/wp-json\/wp\/v2\/pages\/138390","targetHints":{"allow":["GET"]}}],"collection":[{"href":"https:\/\/www.similarweb.com\/blog\/wp-json\/wp\/v2\/pages"}],"about":[{"href":"https:\/\/www.similarweb.com\/blog\/wp-json\/wp\/v2\/types\/page"}],"author":[{"embeddable":true,"href":"https:\/\/www.similarweb.com\/blog\/wp-json\/wp\/v2\/users\/214"}],"replies":[{"embeddable":true,"href":"https:\/\/www.similarweb.com\/blog\/wp-json\/wp\/v2\/comments?post=138390"}],"version-history":[{"count":4,"href":"https:\/\/www.similarweb.com\/blog\/wp-json\/wp\/v2\/pages\/138390\/revisions"}],"predecessor-version":[{"id":198548,"href":"https:\/\/www.similarweb.com\/blog\/wp-json\/wp\/v2\/pages\/138390\/revisions\/198548"}],"wp:attachment":[{"href":"https:\/\/www.similarweb.com\/blog\/wp-json\/wp\/v2\/media?parent=138390"}],"curies":[{"name":"wp","href":"https:\/\/api.w.org\/{rel}","templated":true}]}}